{"id":9205,"date":"2023-09-26T00:48:09","date_gmt":"2023-09-25T22:48:09","guid":{"rendered":"https:\/\/www.contact-voyages.com\/elementor-8958\/"},"modified":"2023-10-02T10:21:24","modified_gmt":"2023-10-02T08:21:24","slug":"elementor-8958","status":"publish","type":"page","link":"https:\/\/www.contact-voyages.com\/de\/elementor-8958\/","title":{"rendered":"Elementor #8958"},"content":{"rendered":"\t\t<div data-elementor-type=\"wp-page\" data-elementor-id=\"9205\" class=\"elementor elementor-9205 elementor-8958\">\n\t\t\t\t\t\t<section class=\"elementor-section elementor-top-section elementor-element elementor-element-6f07c2d elementor-section-boxed elementor-section-height-default elementor-section-height-default\" data-id=\"6f07c2d\" data-element_type=\"section\">\n\t\t\t\t\t\t<div class=\"elementor-container elementor-column-gap-default\">\n\t\t\t\t\t<div class=\"elementor-column elementor-col-100 elementor-top-column elementor-element elementor-element-19cb9dd\" data-id=\"19cb9dd\" data-element_type=\"column\">\n\t\t\t<div class=\"elementor-widget-wrap elementor-element-populated\">\n\t\t\t\t\t\t<div class=\"elementor-element elementor-element-588a146 elementor-widget elementor-widget-spacer\" data-id=\"588a146\" data-element_type=\"widget\" data-widget_type=\"spacer.default\">\n\t\t\t\t<div class=\"elementor-widget-container\">\n\t\t\t\t\t<div class=\"elementor-spacer\">\n\t\t\t<div class=\"elementor-spacer-inner\"><\/div>\n\t\t<\/div>\n\t\t\t\t<\/div>\n\t\t\t\t<\/div>\n\t\t\t\t<div class=\"elementor-element elementor-element-56ee7c5 elementor-widget elementor-widget-heading\" data-id=\"56ee7c5\" data-element_type=\"widget\" data-widget_type=\"heading.default\">\n\t\t\t\t<div class=\"elementor-widget-container\">\n\t\t\t<h2 class=\"elementor-heading-title elementor-size-default\">Bravo, Sie sind nur 2 Klicks davon entfernt, Ihr Konto zu erstellen!<\/h2>\t\t<\/div>\n\t\t\t\t<\/div>\n\t\t\t\t<div class=\"elementor-element elementor-element-540c831 elementor-widget elementor-widget-text-editor\" data-id=\"540c831\" data-element_type=\"widget\" data-widget_type=\"text-editor.default\">\n\t\t\t\t<div class=\"elementor-widget-container\">\n\t\t\t\t\t\t\t<p>Mit unserem Treueprogramm k\u00f6nnen Sie <span style=\"font-weight: var( --e-global-typography-text-font-weight );\">f\u00fcr jeden Aufenthalt <\/span>, den Sie<span style=\"font-weight: var( --e-global-typography-text-font-weight );\">auf <\/span><span style=\"font-weight: var( --e-global-typography-text-font-weight );\">Contact-voyages.com<\/span><span style=\"font-weight: var( --e-global-typography-text-font-weight );\">buchen <\/span>, <span style=\"font-weight: var( --e-global-typography-text-font-weight );\">Geld sammeln <\/span>.<\/p>\n<p><strong>Um Ihrem Konto einen Bonus von 50 \u20ac gutzuschreiben, f\u00fcllen Sie bitte das folgende Formular aus:  <\/strong><\/p>\n\t\t\t\t\t\t<\/div>\n\t\t\t\t<\/div>\n\t\t\t\t<div class=\"elementor-element elementor-element-92b42e2 elementor-widget elementor-widget-elementskit-contact-form7\" data-id=\"92b42e2\" data-element_type=\"widget\" data-widget_type=\"elementskit-contact-form7.default\">\n\t\t\t\t<div class=\"elementor-widget-container\">\n\t\t\t<div class=\"ekit-wid-con\" ><div class=\"ekit-form\">\n<div class=\"wpcf7 no-js\" id=\"wpcf7-f9313-o1\" lang=\"de-DE\" dir=\"ltr\" data-wpcf7-id=\"9313\">\n<div class=\"screen-reader-response\"><p role=\"status\" aria-live=\"polite\" aria-atomic=\"true\"><\/p> <ul><\/ul><\/div>\n<form action=\"\/de\/wp-json\/wp\/v2\/pages\/9205#wpcf7-f9313-o1\" method=\"post\" class=\"wpcf7-form init\" aria-label=\"Kontaktformular\" novalidate=\"novalidate\" data-status=\"init\">\n<fieldset class=\"hidden-fields-container\"><input type=\"hidden\" name=\"_wpcf7\" value=\"9313\" \/><input type=\"hidden\" name=\"_wpcf7_version\" value=\"6.1.5\" \/><input type=\"hidden\" name=\"_wpcf7_locale\" value=\"de_DE\" \/><input type=\"hidden\" name=\"_wpcf7_unit_tag\" value=\"wpcf7-f9313-o1\" \/><input type=\"hidden\" name=\"_wpcf7_container_post\" value=\"0\" \/><input type=\"hidden\" name=\"_wpcf7_posted_data_hash\" value=\"\" \/><input type=\"hidden\" name=\"_wpcf7dtx_version\" value=\"5.0.5\" \/>\n<\/fieldset>\n<p><label> Ihr Name<br \/>\n<span class=\"wpcf7-form-control-wrap\" data-name=\"your-name\"><input size=\"40\" maxlength=\"400\" class=\"wpcf7-form-control wpcf7-text wpcf7-validates-as-required\" autocomplete=\"name\" aria-required=\"true\" aria-invalid=\"false\" value=\"\" type=\"text\" name=\"your-name\" \/><\/span> <\/label>\n<\/p>\n<p><label> Ihre E-Mail<br \/>\n<span class=\"wpcf7-form-control-wrap\" data-name=\"your-email\"><input size=\"40\" maxlength=\"400\" class=\"wpcf7-form-control wpcf7-email wpcf7-validates-as-required wpcf7-text wpcf7-validates-as-email\" autocomplete=\"email\" aria-required=\"true\" aria-invalid=\"false\" value=\"\" type=\"email\" name=\"your-email\" \/><\/span> <\/label>\n<\/p>\n<p><label> Ihre Firma \/ Ihr Unternehmen<br \/>\n<span class=\"wpcf7-form-control-wrap\" data-name=\"your-firm\"><input size=\"40\" maxlength=\"400\" class=\"wpcf7-form-control wpcf7-text wpcf7-validates-as-required\" autocomplete=\"firm\" aria-required=\"true\" aria-invalid=\"false\" value=\"\" type=\"text\" name=\"your-firm\" \/><\/span> <\/label>\n<\/p>\n<p><label> Ein Kommentar (optional)<br \/>\n<span class=\"wpcf7-form-control-wrap\" data-name=\"your-comment\"><textarea cols=\"40\" rows=\"10\" maxlength=\"2000\" class=\"wpcf7-form-control wpcf7-textarea\" aria-invalid=\"false\" name=\"your-comment\"><\/textarea><\/span> <\/label>\n<\/p>\n<p><input class=\"wpcf7-form-control wpcf7-submit has-spinner\" type=\"submit\" value=\"Je cr\u00e9e mon compte\" \/>\n<\/p><input type='hidden' class='wpcf7-pum' value='{\"closepopup\":false,\"closedelay\":0,\"openpopup\":false,\"openpopup_id\":0}' \/><div class=\"wpcf7-response-output\" aria-hidden=\"true\"><\/div>\n<\/form>\n<\/div>\n<\/div><\/div>\t\t<\/div>\n\t\t\t\t<\/div>\n\t\t\t\t\t<\/div>\n\t\t<\/div>\n\t\t\t\t\t<\/div>\n\t\t<\/section>\n\t\t\t\t<\/div>\n\t\t","protected":false},"excerpt":{"rendered":"<p>Bravo, Sie sind nur 2 Klicks davon entfernt, Ihr Konto zu erstellen! Mit unserem Treueprogramm k\u00f6nnen Sie f\u00fcr jeden Aufenthalt , den Sieauf Contact-voyages.combuchen , Geld sammeln . Um Ihrem Konto einen Bonus von 50 \u20ac gutzuschreiben, f\u00fcllen Sie bitte das folgende Formular aus: Votre nom Votre e-mail Votre soci\u00e9t\u00e9 \/ entreprise Un commentaire (facultatif)<\/p>\n","protected":false},"author":1,"featured_media":0,"parent":0,"menu_order":0,"comment_status":"closed","ping_status":"closed","template":"","meta":{"footnotes":""},"class_list":["post-9205","page","type-page","status-publish","hentry","entry"],"acf":[],"yoast_head":"<!-- This site is optimized with the Yoast SEO plugin v27.4 - https:\/\/yoast.com\/product\/yoast-seo-wordpress\/ -->\n<title>Elementor #8958 - Contact Voyages<\/title>\n<meta name=\"robots\" content=\"index, follow, max-snippet:-1, max-image-preview:large, max-video-preview:-1\" \/>\n<link rel=\"canonical\" href=\"https:\/\/www.contact-voyages.com\/de\/elementor-8958\/\" \/>\n<meta property=\"og:locale\" content=\"de_DE\" \/>\n<meta property=\"og:type\" content=\"article\" \/>\n<meta property=\"og:title\" content=\"Elementor #8958 - Contact Voyages\" \/>\n<meta property=\"og:description\" content=\"Bravo, Sie sind nur 2 Klicks davon entfernt, Ihr Konto zu erstellen! Mit unserem Treueprogramm k\u00f6nnen Sie f\u00fcr jeden Aufenthalt , den Sieauf Contact-voyages.combuchen , Geld sammeln . Um Ihrem Konto einen Bonus von 50 \u20ac gutzuschreiben, f\u00fcllen Sie bitte das folgende Formular aus: Votre nom Votre e-mail Votre soci\u00e9t\u00e9 \/ entreprise Un commentaire (facultatif)\" \/>\n<meta property=\"og:url\" content=\"https:\/\/www.contact-voyages.com\/de\/elementor-8958\/\" \/>\n<meta property=\"og:site_name\" content=\"Contact Voyages\" \/>\n<meta property=\"article:modified_time\" content=\"2023-10-02T08:21:24+00:00\" \/>\n<meta name=\"twitter:card\" content=\"summary_large_image\" \/>\n<script type=\"application\/ld+json\" class=\"yoast-schema-graph\">{\"@context\":\"https:\\\/\\\/schema.org\",\"@graph\":[{\"@type\":\"WebPage\",\"@id\":\"https:\\\/\\\/www.contact-voyages.com\\\/de\\\/elementor-8958\\\/\",\"url\":\"https:\\\/\\\/www.contact-voyages.com\\\/de\\\/elementor-8958\\\/\",\"name\":\"Elementor #8958 - Contact Voyages\",\"isPartOf\":{\"@id\":\"https:\\\/\\\/www.contact-voyages.com\\\/de\\\/#website\"},\"datePublished\":\"2023-09-25T22:48:09+00:00\",\"dateModified\":\"2023-10-02T08:21:24+00:00\",\"inLanguage\":\"de\",\"potentialAction\":[{\"@type\":\"ReadAction\",\"target\":[\"https:\\\/\\\/www.contact-voyages.com\\\/de\\\/elementor-8958\\\/\"]}]},{\"@type\":\"WebSite\",\"@id\":\"https:\\\/\\\/www.contact-voyages.com\\\/de\\\/#website\",\"url\":\"https:\\\/\\\/www.contact-voyages.com\\\/de\\\/\",\"name\":\"Contact Voyages\",\"description\":\"\",\"publisher\":{\"@id\":\"https:\\\/\\\/www.contact-voyages.com\\\/de\\\/#organization\"},\"potentialAction\":[{\"@type\":\"SearchAction\",\"target\":{\"@type\":\"EntryPoint\",\"urlTemplate\":\"https:\\\/\\\/www.contact-voyages.com\\\/de\\\/?s={search_term_string}\"},\"query-input\":{\"@type\":\"PropertyValueSpecification\",\"valueRequired\":true,\"valueName\":\"search_term_string\"}}],\"inLanguage\":\"de\"},{\"@type\":\"Organization\",\"@id\":\"https:\\\/\\\/www.contact-voyages.com\\\/de\\\/#organization\",\"name\":\"Contact Voyages\",\"url\":\"https:\\\/\\\/www.contact-voyages.com\\\/de\\\/\",\"logo\":{\"@type\":\"ImageObject\",\"inLanguage\":\"de\",\"@id\":\"https:\\\/\\\/www.contact-voyages.com\\\/de\\\/#\\\/schema\\\/logo\\\/image\\\/\",\"url\":\"https:\\\/\\\/www.contact-voyages.com\\\/wp-content\\\/uploads\\\/2024\\\/08\\\/logo-contact-voyages.svg\",\"contentUrl\":\"https:\\\/\\\/www.contact-voyages.com\\\/wp-content\\\/uploads\\\/2024\\\/08\\\/logo-contact-voyages.svg\",\"width\":161,\"height\":83,\"caption\":\"Contact Voyages\"},\"image\":{\"@id\":\"https:\\\/\\\/www.contact-voyages.com\\\/de\\\/#\\\/schema\\\/logo\\\/image\\\/\"}}]}<\/script>\n<!-- \/ Yoast SEO plugin. -->","yoast_head_json":{"title":"Elementor #8958 - Contact Voyages","robots":{"index":"index","follow":"follow","max-snippet":"max-snippet:-1","max-image-preview":"max-image-preview:large","max-video-preview":"max-video-preview:-1"},"canonical":"https:\/\/www.contact-voyages.com\/de\/elementor-8958\/","og_locale":"de_DE","og_type":"article","og_title":"Elementor #8958 - Contact Voyages","og_description":"Bravo, Sie sind nur 2 Klicks davon entfernt, Ihr Konto zu erstellen! Mit unserem Treueprogramm k\u00f6nnen Sie f\u00fcr jeden Aufenthalt , den Sieauf Contact-voyages.combuchen , Geld sammeln . Um Ihrem Konto einen Bonus von 50 \u20ac gutzuschreiben, f\u00fcllen Sie bitte das folgende Formular aus: Votre nom Votre e-mail Votre soci\u00e9t\u00e9 \/ entreprise Un commentaire (facultatif)","og_url":"https:\/\/www.contact-voyages.com\/de\/elementor-8958\/","og_site_name":"Contact Voyages","article_modified_time":"2023-10-02T08:21:24+00:00","twitter_card":"summary_large_image","schema":{"@context":"https:\/\/schema.org","@graph":[{"@type":"WebPage","@id":"https:\/\/www.contact-voyages.com\/de\/elementor-8958\/","url":"https:\/\/www.contact-voyages.com\/de\/elementor-8958\/","name":"Elementor #8958 - Contact Voyages","isPartOf":{"@id":"https:\/\/www.contact-voyages.com\/de\/#website"},"datePublished":"2023-09-25T22:48:09+00:00","dateModified":"2023-10-02T08:21:24+00:00","inLanguage":"de","potentialAction":[{"@type":"ReadAction","target":["https:\/\/www.contact-voyages.com\/de\/elementor-8958\/"]}]},{"@type":"WebSite","@id":"https:\/\/www.contact-voyages.com\/de\/#website","url":"https:\/\/www.contact-voyages.com\/de\/","name":"Contact Voyages","description":"","publisher":{"@id":"https:\/\/www.contact-voyages.com\/de\/#organization"},"potentialAction":[{"@type":"SearchAction","target":{"@type":"EntryPoint","urlTemplate":"https:\/\/www.contact-voyages.com\/de\/?s={search_term_string}"},"query-input":{"@type":"PropertyValueSpecification","valueRequired":true,"valueName":"search_term_string"}}],"inLanguage":"de"},{"@type":"Organization","@id":"https:\/\/www.contact-voyages.com\/de\/#organization","name":"Contact Voyages","url":"https:\/\/www.contact-voyages.com\/de\/","logo":{"@type":"ImageObject","inLanguage":"de","@id":"https:\/\/www.contact-voyages.com\/de\/#\/schema\/logo\/image\/","url":"https:\/\/www.contact-voyages.com\/wp-content\/uploads\/2024\/08\/logo-contact-voyages.svg","contentUrl":"https:\/\/www.contact-voyages.com\/wp-content\/uploads\/2024\/08\/logo-contact-voyages.svg","width":161,"height":83,"caption":"Contact Voyages"},"image":{"@id":"https:\/\/www.contact-voyages.com\/de\/#\/schema\/logo\/image\/"}}]}},"_links":{"self":[{"href":"https:\/\/www.contact-voyages.com\/de\/wp-json\/wp\/v2\/pages\/9205","targetHints":{"allow":["GET"]}}],"collection":[{"href":"https:\/\/www.contact-voyages.com\/de\/wp-json\/wp\/v2\/pages"}],"about":[{"href":"https:\/\/www.contact-voyages.com\/de\/wp-json\/wp\/v2\/types\/page"}],"author":[{"embeddable":true,"href":"https:\/\/www.contact-voyages.com\/de\/wp-json\/wp\/v2\/users\/1"}],"replies":[{"embeddable":true,"href":"https:\/\/www.contact-voyages.com\/de\/wp-json\/wp\/v2\/comments?post=9205"}],"version-history":[{"count":4,"href":"https:\/\/www.contact-voyages.com\/de\/wp-json\/wp\/v2\/pages\/9205\/revisions"}],"predecessor-version":[{"id":9264,"href":"https:\/\/www.contact-voyages.com\/de\/wp-json\/wp\/v2\/pages\/9205\/revisions\/9264"}],"wp:attachment":[{"href":"https:\/\/www.contact-voyages.com\/de\/wp-json\/wp\/v2\/media?parent=9205"}],"curies":[{"name":"wp","href":"https:\/\/api.w.org\/{rel}","templated":true}]}}