{"id":9171,"date":"2023-09-23T09:31:40","date_gmt":"2023-09-23T07:31:40","guid":{"rendered":"https:\/\/www.contact-voyages.com\/champagne-ardenne\/"},"modified":"2023-10-02T10:21:29","modified_gmt":"2023-10-02T08:21:29","slug":"champagne-ardenne","status":"publish","type":"page","link":"https:\/\/www.contact-voyages.com\/en\/champagne-ardenne\/","title":{"rendered":"Champagne-Ardenne"},"content":{"rendered":"\t\t<div data-elementor-type=\"wp-page\" data-elementor-id=\"9171\" class=\"elementor elementor-9171 elementor-8580\">\n\t\t\t\t\t\t<section class=\"elementor-section elementor-top-section elementor-element elementor-element-d98d992 elementor-section-boxed elementor-section-height-default elementor-section-height-default\" data-id=\"d98d992\" data-element_type=\"section\">\n\t\t\t\t\t\t<div class=\"elementor-container elementor-column-gap-default\">\n\t\t\t\t\t<div class=\"elementor-column elementor-col-100 elementor-top-column elementor-element elementor-element-48b40d7\" data-id=\"48b40d7\" data-element_type=\"column\">\n\t\t\t<div class=\"elementor-widget-wrap elementor-element-populated\">\n\t\t\t\t\t\t\t<\/div>\n\t\t<\/div>\n\t\t\t\t\t<\/div>\n\t\t<\/section>\n\t\t\t\t<\/div>\n\t\t","protected":false},"excerpt":{"rendered":"<p>Circuits d\u00e9couverte approfondie S\u00e9jour en \u00e9toile Quercy P\u00e9rigord Contact H\u00f4tel Hostellerie du Causse 7 jours \/ 6 nuits D\u00e9couvrir<\/p>\n","protected":false},"author":1,"featured_media":0,"parent":0,"menu_order":0,"comment_status":"closed","ping_status":"closed","template":"template-regions.php","meta":{"footnotes":""},"class_list":["post-9171","page","type-page","status-publish","hentry","entry"],"acf":[],"yoast_head":"<!-- This site is optimized with the Yoast SEO plugin v27.5 - https:\/\/yoast.com\/product\/yoast-seo-wordpress\/ -->\n<title>Champagne-Ardenne - Contact Voyages<\/title>\n<meta name=\"robots\" content=\"index, follow, max-snippet:-1, max-image-preview:large, max-video-preview:-1\" \/>\n<link rel=\"canonical\" href=\"https:\/\/www.contact-voyages.com\/en\/champagne-ardenne\/\" \/>\n<meta property=\"og:locale\" content=\"en_GB\" \/>\n<meta property=\"og:type\" content=\"article\" \/>\n<meta property=\"og:title\" content=\"Champagne-Ardenne - Contact Voyages\" \/>\n<meta property=\"og:description\" content=\"Circuits d\u00e9couverte approfondie S\u00e9jour en \u00e9toile Quercy P\u00e9rigord Contact H\u00f4tel Hostellerie du Causse 7 jours \/ 6 nuits D\u00e9couvrir\" \/>\n<meta property=\"og:url\" content=\"https:\/\/www.contact-voyages.com\/en\/champagne-ardenne\/\" \/>\n<meta property=\"og:site_name\" content=\"Contact Voyages\" \/>\n<meta property=\"article:modified_time\" content=\"2023-10-02T08:21:29+00:00\" \/>\n<meta property=\"og:image\" content=\"https:\/\/www.contact-voyages.com\/wp-content\/uploads\/2023\/07\/tombee-de-la-nuit-sur-rocamadour-lot-tourisme-teddy-verneuil-1568x1045.jpg\" \/>\n<meta name=\"twitter:card\" content=\"summary_large_image\" \/>\n<script type=\"application\/ld+json\" class=\"yoast-schema-graph\">{\"@context\":\"https:\\\/\\\/schema.org\",\"@graph\":[{\"@type\":\"WebPage\",\"@id\":\"https:\\\/\\\/www.contact-voyages.com\\\/en\\\/champagne-ardenne\\\/\",\"url\":\"https:\\\/\\\/www.contact-voyages.com\\\/en\\\/champagne-ardenne\\\/\",\"name\":\"Champagne-Ardenne - Contact Voyages\",\"isPartOf\":{\"@id\":\"https:\\\/\\\/www.contact-voyages.com\\\/en\\\/#website\"},\"primaryImageOfPage\":{\"@id\":\"https:\\\/\\\/www.contact-voyages.com\\\/en\\\/champagne-ardenne\\\/#primaryimage\"},\"image\":{\"@id\":\"https:\\\/\\\/www.contact-voyages.com\\\/en\\\/champagne-ardenne\\\/#primaryimage\"},\"thumbnailUrl\":\"https:\\\/\\\/www.contact-voyages.com\\\/wp-content\\\/uploads\\\/2023\\\/07\\\/tombee-de-la-nuit-sur-rocamadour-lot-tourisme-teddy-verneuil-1568x1045.jpg\",\"datePublished\":\"2023-09-23T07:31:40+00:00\",\"dateModified\":\"2023-10-02T08:21:29+00:00\",\"inLanguage\":\"en-GB\",\"potentialAction\":[{\"@type\":\"ReadAction\",\"target\":[\"https:\\\/\\\/www.contact-voyages.com\\\/en\\\/champagne-ardenne\\\/\"]}]},{\"@type\":\"ImageObject\",\"inLanguage\":\"en-GB\",\"@id\":\"https:\\\/\\\/www.contact-voyages.com\\\/en\\\/champagne-ardenne\\\/#primaryimage\",\"url\":\"https:\\\/\\\/www.contact-voyages.com\\\/wp-content\\\/uploads\\\/2023\\\/07\\\/tombee-de-la-nuit-sur-rocamadour-lot-tourisme-teddy-verneuil-1568x1045.jpg\",\"contentUrl\":\"https:\\\/\\\/www.contact-voyages.com\\\/wp-content\\\/uploads\\\/2023\\\/07\\\/tombee-de-la-nuit-sur-rocamadour-lot-tourisme-teddy-verneuil-1568x1045.jpg\"},{\"@type\":\"WebSite\",\"@id\":\"https:\\\/\\\/www.contact-voyages.com\\\/en\\\/#website\",\"url\":\"https:\\\/\\\/www.contact-voyages.com\\\/en\\\/\",\"name\":\"Contact Voyages\",\"description\":\"\",\"publisher\":{\"@id\":\"https:\\\/\\\/www.contact-voyages.com\\\/en\\\/#organization\"},\"potentialAction\":[{\"@type\":\"SearchAction\",\"target\":{\"@type\":\"EntryPoint\",\"urlTemplate\":\"https:\\\/\\\/www.contact-voyages.com\\\/en\\\/?s={search_term_string}\"},\"query-input\":{\"@type\":\"PropertyValueSpecification\",\"valueRequired\":true,\"valueName\":\"search_term_string\"}}],\"inLanguage\":\"en-GB\"},{\"@type\":\"Organization\",\"@id\":\"https:\\\/\\\/www.contact-voyages.com\\\/en\\\/#organization\",\"name\":\"Contact Voyages\",\"url\":\"https:\\\/\\\/www.contact-voyages.com\\\/en\\\/\",\"logo\":{\"@type\":\"ImageObject\",\"inLanguage\":\"en-GB\",\"@id\":\"https:\\\/\\\/www.contact-voyages.com\\\/en\\\/#\\\/schema\\\/logo\\\/image\\\/\",\"url\":\"https:\\\/\\\/www.contact-voyages.com\\\/wp-content\\\/uploads\\\/2024\\\/08\\\/logo-contact-voyages.svg\",\"contentUrl\":\"https:\\\/\\\/www.contact-voyages.com\\\/wp-content\\\/uploads\\\/2024\\\/08\\\/logo-contact-voyages.svg\",\"width\":161,\"height\":83,\"caption\":\"Contact Voyages\"},\"image\":{\"@id\":\"https:\\\/\\\/www.contact-voyages.com\\\/en\\\/#\\\/schema\\\/logo\\\/image\\\/\"}}]}<\/script>\n<!-- \/ Yoast SEO plugin. -->","yoast_head_json":{"title":"Champagne-Ardenne - Contact Voyages","robots":{"index":"index","follow":"follow","max-snippet":"max-snippet:-1","max-image-preview":"max-image-preview:large","max-video-preview":"max-video-preview:-1"},"canonical":"https:\/\/www.contact-voyages.com\/en\/champagne-ardenne\/","og_locale":"en_GB","og_type":"article","og_title":"Champagne-Ardenne - Contact Voyages","og_description":"Circuits d\u00e9couverte approfondie S\u00e9jour en \u00e9toile Quercy P\u00e9rigord Contact H\u00f4tel Hostellerie du Causse 7 jours \/ 6 nuits D\u00e9couvrir","og_url":"https:\/\/www.contact-voyages.com\/en\/champagne-ardenne\/","og_site_name":"Contact Voyages","article_modified_time":"2023-10-02T08:21:29+00:00","og_image":[{"url":"https:\/\/www.contact-voyages.com\/wp-content\/uploads\/2023\/07\/tombee-de-la-nuit-sur-rocamadour-lot-tourisme-teddy-verneuil-1568x1045.jpg","type":"","width":"","height":""}],"twitter_card":"summary_large_image","schema":{"@context":"https:\/\/schema.org","@graph":[{"@type":"WebPage","@id":"https:\/\/www.contact-voyages.com\/en\/champagne-ardenne\/","url":"https:\/\/www.contact-voyages.com\/en\/champagne-ardenne\/","name":"Champagne-Ardenne - Contact Voyages","isPartOf":{"@id":"https:\/\/www.contact-voyages.com\/en\/#website"},"primaryImageOfPage":{"@id":"https:\/\/www.contact-voyages.com\/en\/champagne-ardenne\/#primaryimage"},"image":{"@id":"https:\/\/www.contact-voyages.com\/en\/champagne-ardenne\/#primaryimage"},"thumbnailUrl":"https:\/\/www.contact-voyages.com\/wp-content\/uploads\/2023\/07\/tombee-de-la-nuit-sur-rocamadour-lot-tourisme-teddy-verneuil-1568x1045.jpg","datePublished":"2023-09-23T07:31:40+00:00","dateModified":"2023-10-02T08:21:29+00:00","inLanguage":"en-GB","potentialAction":[{"@type":"ReadAction","target":["https:\/\/www.contact-voyages.com\/en\/champagne-ardenne\/"]}]},{"@type":"ImageObject","inLanguage":"en-GB","@id":"https:\/\/www.contact-voyages.com\/en\/champagne-ardenne\/#primaryimage","url":"https:\/\/www.contact-voyages.com\/wp-content\/uploads\/2023\/07\/tombee-de-la-nuit-sur-rocamadour-lot-tourisme-teddy-verneuil-1568x1045.jpg","contentUrl":"https:\/\/www.contact-voyages.com\/wp-content\/uploads\/2023\/07\/tombee-de-la-nuit-sur-rocamadour-lot-tourisme-teddy-verneuil-1568x1045.jpg"},{"@type":"WebSite","@id":"https:\/\/www.contact-voyages.com\/en\/#website","url":"https:\/\/www.contact-voyages.com\/en\/","name":"Contact Voyages","description":"","publisher":{"@id":"https:\/\/www.contact-voyages.com\/en\/#organization"},"potentialAction":[{"@type":"SearchAction","target":{"@type":"EntryPoint","urlTemplate":"https:\/\/www.contact-voyages.com\/en\/?s={search_term_string}"},"query-input":{"@type":"PropertyValueSpecification","valueRequired":true,"valueName":"search_term_string"}}],"inLanguage":"en-GB"},{"@type":"Organization","@id":"https:\/\/www.contact-voyages.com\/en\/#organization","name":"Contact Voyages","url":"https:\/\/www.contact-voyages.com\/en\/","logo":{"@type":"ImageObject","inLanguage":"en-GB","@id":"https:\/\/www.contact-voyages.com\/en\/#\/schema\/logo\/image\/","url":"https:\/\/www.contact-voyages.com\/wp-content\/uploads\/2024\/08\/logo-contact-voyages.svg","contentUrl":"https:\/\/www.contact-voyages.com\/wp-content\/uploads\/2024\/08\/logo-contact-voyages.svg","width":161,"height":83,"caption":"Contact Voyages"},"image":{"@id":"https:\/\/www.contact-voyages.com\/en\/#\/schema\/logo\/image\/"}}]}},"_links":{"self":[{"href":"https:\/\/www.contact-voyages.com\/en\/wp-json\/wp\/v2\/pages\/9171","targetHints":{"allow":["GET"]}}],"collection":[{"href":"https:\/\/www.contact-voyages.com\/en\/wp-json\/wp\/v2\/pages"}],"about":[{"href":"https:\/\/www.contact-voyages.com\/en\/wp-json\/wp\/v2\/types\/page"}],"author":[{"embeddable":true,"href":"https:\/\/www.contact-voyages.com\/en\/wp-json\/wp\/v2\/users\/1"}],"replies":[{"embeddable":true,"href":"https:\/\/www.contact-voyages.com\/en\/wp-json\/wp\/v2\/comments?post=9171"}],"version-history":[{"count":3,"href":"https:\/\/www.contact-voyages.com\/en\/wp-json\/wp\/v2\/pages\/9171\/revisions"}],"predecessor-version":[{"id":9285,"href":"https:\/\/www.contact-voyages.com\/en\/wp-json\/wp\/v2\/pages\/9171\/revisions\/9285"}],"wp:attachment":[{"href":"https:\/\/www.contact-voyages.com\/en\/wp-json\/wp\/v2\/media?parent=9171"}],"curies":[{"name":"wp","href":"https:\/\/api.w.org\/{rel}","templated":true}]}}