{"id":9432,"date":"2023-07-25T13:18:31","date_gmt":"2023-07-25T11:18:31","guid":{"rendered":"https:\/\/www.contact-voyages.com\/loyalty-program\/"},"modified":"2023-11-23T13:08:48","modified_gmt":"2023-11-23T12:08:48","slug":"loyalty-program","status":"publish","type":"page","link":"https:\/\/www.contact-voyages.com\/en\/loyalty-program\/","title":{"rendered":"Loyalty program"},"content":{"rendered":"\t\t<div data-elementor-type=\"wp-page\" data-elementor-id=\"9432\" class=\"elementor elementor-9432 elementor-8055\">\n\t\t\t\t\t\t<section class=\"elementor-section elementor-top-section elementor-element elementor-element-0f125b7 circuits top-accueil-global elementor-section-height-min-height elementor-section-boxed elementor-section-height-default elementor-section-items-middle\" data-id=\"0f125b7\" data-element_type=\"section\">\n\t\t\t\t\t\t<div class=\"elementor-container elementor-column-gap-default\">\n\t\t\t\t\t<div class=\"elementor-column elementor-col-100 elementor-top-column elementor-element elementor-element-7fb5302\" data-id=\"7fb5302\" data-element_type=\"column\">\n\t\t\t<div class=\"elementor-widget-wrap elementor-element-populated\">\n\t\t\t\t\t\t<section class=\"elementor-section elementor-inner-section elementor-element elementor-element-424a94f top-accueil elementor-section-boxed elementor-section-height-default elementor-section-height-default\" data-id=\"424a94f\" data-element_type=\"section\" data-settings=\"{&quot;background_background&quot;:&quot;classic&quot;}\">\n\t\t\t\t\t\t<div class=\"elementor-container elementor-column-gap-default\">\n\t\t\t\t\t<div class=\"elementor-column elementor-col-100 elementor-inner-column elementor-element elementor-element-8cd3a08 col-header-text\" data-id=\"8cd3a08\" data-element_type=\"column\">\n\t\t\t<div class=\"elementor-widget-wrap elementor-element-populated\">\n\t\t\t\t\t\t<div class=\"elementor-element elementor-element-f46ce69 legend elementor-widget elementor-widget-text-editor\" data-id=\"f46ce69\" data-element_type=\"widget\" data-widget_type=\"text-editor.default\">\n\t\t\t\t<div class=\"elementor-widget-container\">\n\t\t\t\t\t\t\t<p><strong>\u00c9tretat<\/strong> (Photo: Tanya Pro)<\/p>\n\t\t\t\t\t\t<\/div>\n\t\t\t\t<\/div>\n\t\t\t\t<div class=\"elementor-element elementor-element-d88feb5 elementor-widget elementor-widget-text-editor\" data-id=\"d88feb5\" data-element_type=\"widget\" data-widget_type=\"text-editor.default\">\n\t\t\t\t<div class=\"elementor-widget-container\">\n\t\t\t\t\t\t\t<h1>Loyalty program<\/h1>\n\t\t\t\t\t\t<\/div>\n\t\t\t\t<\/div>\n\t\t\t\t\t<\/div>\n\t\t<\/div>\n\t\t\t\t\t<\/div>\n\t\t<\/section>\n\t\t\t\t\t<\/div>\n\t\t<\/div>\n\t\t\t\t\t<\/div>\n\t\t<\/section>\n\t\t\t\t<section class=\"elementor-section elementor-top-section elementor-element elementor-element-e5af29e cv-pf-text-center elementor-section-boxed elementor-section-height-default elementor-section-height-default\" data-id=\"e5af29e\" data-element_type=\"section\">\n\t\t\t\t\t\t<div class=\"elementor-container elementor-column-gap-default\">\n\t\t\t\t\t<div class=\"elementor-column elementor-col-100 elementor-top-column elementor-element elementor-element-0ceaccb\" data-id=\"0ceaccb\" data-element_type=\"column\">\n\t\t\t<div class=\"elementor-widget-wrap elementor-element-populated\">\n\t\t\t\t\t\t<div class=\"elementor-element elementor-element-da87e26 elementor-widget elementor-widget-text-editor\" data-id=\"da87e26\" data-element_type=\"widget\" data-widget_type=\"text-editor.default\">\n\t\t\t\t<div class=\"elementor-widget-container\">\n\t\t\t\t\t\t\t<h2>\u00a0The Contact Voyages loyalty program, a nice pot of money after your stay<\/h2><p>Take advantage of France&#8217;s only loyalty program dedicated to group travel organizers which allows you to <br \/>capitalize on both tourism and business groups in a single account <br \/>loyalty card. Find out how it works:<\/p>\t\t\t\t\t\t<\/div>\n\t\t\t\t<\/div>\n\t\t\t\t\t<\/div>\n\t\t<\/div>\n\t\t\t\t\t<\/div>\n\t\t<\/section>\n\t\t\t\t<section class=\"elementor-section elementor-top-section elementor-element elementor-element-581f41d cv-pf-plus elementor-section-boxed elementor-section-height-default elementor-section-height-default\" data-id=\"581f41d\" data-element_type=\"section\">\n\t\t\t\t\t\t<div class=\"elementor-container elementor-column-gap-default\">\n\t\t\t\t\t<div class=\"elementor-column elementor-col-100 elementor-top-column elementor-element elementor-element-68b53ea\" data-id=\"68b53ea\" data-element_type=\"column\">\n\t\t\t<div class=\"elementor-widget-wrap elementor-element-populated\">\n\t\t\t\t\t\t<div class=\"elementor-element elementor-element-32f5ee0 elementor-widget elementor-widget-text-editor\" data-id=\"32f5ee0\" data-element_type=\"widget\" data-widget_type=\"text-editor.default\">\n\t\t\t\t<div class=\"elementor-widget-container\">\n\t\t\t\t\t\t\t<p>I book on <strong>Contact Voyages<\/strong><\/p>\n<p>I accumulate <strong>\u20acuros<\/strong><\/p>\n<p>I <strong>enjoy<\/strong> it <strong>!<\/strong><\/p>\n\t\t\t\t\t\t<\/div>\n\t\t\t\t<\/div>\n\t\t\t\t\t<\/div>\n\t\t<\/div>\n\t\t\t\t\t<\/div>\n\t\t<\/section>\n\t\t\t\t<section class=\"elementor-section elementor-top-section elementor-element elementor-element-fccc564 cv-pf-two-col elementor-section-boxed elementor-section-height-default elementor-section-height-default\" data-id=\"fccc564\" data-element_type=\"section\">\n\t\t\t\t\t\t<div class=\"elementor-container elementor-column-gap-default\">\n\t\t\t\t\t<div class=\"elementor-column elementor-col-50 elementor-top-column elementor-element elementor-element-28663bd\" data-id=\"28663bd\" data-element_type=\"column\">\n\t\t\t<div class=\"elementor-widget-wrap elementor-element-populated\">\n\t\t\t\t\t\t<div class=\"elementor-element elementor-element-ef902c4 elementor-widget elementor-widget-text-editor\" data-id=\"ef902c4\" data-element_type=\"widget\" data-widget_type=\"text-editor.default\">\n\t\t\t\t<div class=\"elementor-widget-container\">\n\t\t\t\t\t\t\t<h3>Euros earned for each group booked during the year at a Contact Hotels establishment listed on Contact Voyages.<\/h3>\n<ul>\n \t<li><p>Earn \u20ac1 for every \u20ac80 in sales (incl. VAT*) booked on www.contact-voyages.com<\/p><\/li>\n \t<li><p>Your account will be created as soon as you book your first stay in one of our hotels.<\/p><\/li>\n<\/ul>\t\t\t\t\t\t<\/div>\n\t\t\t\t<\/div>\n\t\t\t\t\t<\/div>\n\t\t<\/div>\n\t\t\t\t<div class=\"elementor-column elementor-col-50 elementor-top-column elementor-element elementor-element-9d2f2c2\" data-id=\"9d2f2c2\" data-element_type=\"column\">\n\t\t\t<div class=\"elementor-widget-wrap elementor-element-populated\">\n\t\t\t\t\t\t<div class=\"elementor-element elementor-element-840c80e elementor-widget elementor-widget-text-editor\" data-id=\"840c80e\" data-element_type=\"widget\" data-widget_type=\"text-editor.default\">\n\t\t\t\t<div class=\"elementor-widget-container\">\n\t\t\t\t\t\t\t<h3>Use them for business or pleasure!<\/h3>\n<ul>\n<li>\n<p>Receive gift cards for yourself, your staff or your customers<\/p>\n<\/li>\n<li>\n<p>Deduct this amount on a future invoice for a group reservation at a Contact Hotels establishment.<\/p>\n<\/li>\n<li>\n<p>Deduct your kitty from an individual stay in one of our 300 hotels<\/p>\n<\/li>\n<\/ul>\n\t\t\t\t\t\t<\/div>\n\t\t\t\t<\/div>\n\t\t\t\t\t<\/div>\n\t\t<\/div>\n\t\t\t\t\t<\/div>\n\t\t<\/section>\n\t\t\t\t<section class=\"elementor-section elementor-top-section elementor-element elementor-element-ed1afab cv-pf-bd-slide elementor-section-content-middle elementor-section-boxed elementor-section-height-default elementor-section-height-default\" data-id=\"ed1afab\" data-element_type=\"section\">\n\t\t\t\t\t\t<div class=\"elementor-container elementor-column-gap-default\">\n\t\t\t\t\t<div class=\"elementor-column elementor-col-100 elementor-top-column elementor-element elementor-element-31dda59 cv-pf-slide-col\" data-id=\"31dda59\" data-element_type=\"column\">\n\t\t\t<div class=\"elementor-widget-wrap elementor-element-populated\">\n\t\t\t\t\t\t<div class=\"elementor-element elementor-element-08f9121 elementor-widget elementor-widget-elementskit-testimonial\" data-id=\"08f9121\" data-element_type=\"widget\" data-widget_type=\"elementskit-testimonial.default\">\n\t\t\t\t<div class=\"elementor-widget-container\">\n\t\t\t<div class=\"ekit-wid-con\" ><div class=\"elementskit-testimonial-slider arrow_inside elementskit-default-testimonial \" data-config=\"{&quot;rtl&quot;:false,&quot;arrows&quot;:true,&quot;dots&quot;:false,&quot;pauseOnHover&quot;:true,&quot;autoplay&quot;:false,&quot;speed&quot;:1000,&quot;slidesPerGroup&quot;:1,&quot;slidesPerView&quot;:1,&quot;loop&quot;:false,&quot;spaceBetween&quot;:0,&quot;breakpoints&quot;:{&quot;320&quot;:{&quot;slidesPerView&quot;:1,&quot;slidesPerGroup&quot;:1,&quot;spaceBetween&quot;:10},&quot;768&quot;:{&quot;slidesPerView&quot;:2,&quot;slidesPerGroup&quot;:1,&quot;spaceBetween&quot;:10},&quot;1024&quot;:{&quot;slidesPerView&quot;:1,&quot;slidesPerGroup&quot;:1,&quot;spaceBetween&quot;:15}}}\">\n\t<div class=\"ekit-main-swiper swiper\">\n\t\t<div class=\"swiper-wrapper\">\n\t\t\t\t\t\t\t<div class=\"swiper-slide\">\n\t\t\t\t\t<div class=\"swiper-slide-inner\">\n\t\t\t\t\t\t<div class=\"elemntskit-testimonial-item\" >\n\t\t\t\t\t\t\t<div class=\"elementskit-single-testimonial-slider \">\n\t\t\t\t\t\t\t\t<div class=\"row\">\n\t\t\t\t\t\t\t\t\t<div class=\"col-lg-6 elementkit-testimonial-col\">\n\t\t\t\t\t\t\t\t\t\t<div class=\"elementskit-commentor-content\">\n\t\t\t\t\t\t\t\t\t\t\t\t\t\t\t\t\t\t\t\t\t\t\t\t\t\t\t\t\t\t\t\t\t\t<p>Carole designs packages for a passenger transport company. She organized a tour of the Dordogne for one of her customers, booked on the contact-voyages.com website, for sales (accommodation + catering) of \u20ac18,240 incl. tax. She received a \u20ac228 gift card.<\/p>\n\t\t\t\t\t\t\t\t\t\t\t\t\t\t\t\t\t\t\t\t\t\t\t\t\t\t\t\t\t\t\t\t\t<span class=\"elementskit-profile-info\">\n\t\t\t\t\t\t\t\t\t\t\t\t<strong class=\"elementskit-author-name\">Travel Designer<\/strong>\n\t\t\t\t\t\t\t\t\t\t\t\t<span class=\"elementskit-author-des\">228 \u20ac saved over one year<\/span>\n\t\t\t\t\t\t\t\t\t\t\t<\/span>\n\t\t\t\t\t\t\t\t\t\t<\/div>\n\t\t\t\t\t\t\t\t\t<\/div>\n\t\t\t\t\t\t\t\t\t<div class=\"col-lg-6 elementkit-testimonial-col\">\n\t\t\t\t\t\t\t\t\t\t<div class=\"elementskit-profile-image-card\">\n\t\t\t\t\t\t\t\t\t\t\t<img fetchpriority=\"high\" decoding=\"async\" width=\"995\" height=\"750\" src=\"https:\/\/www.contact-voyages.com\/wp-content\/uploads\/2023\/07\/contact-voyages-programme-de-fidelite-conceptrice-de-voyage.jpg\" class=\"attachment-full size-full\" alt=\"Contact Voyages - Programme de fid\u00e9lit\u00e9 - Conceptrice de voyages\" srcset=\"https:\/\/www.contact-voyages.com\/wp-content\/uploads\/2023\/07\/contact-voyages-programme-de-fidelite-conceptrice-de-voyage.jpg 995w, https:\/\/www.contact-voyages.com\/wp-content\/uploads\/2023\/07\/contact-voyages-programme-de-fidelite-conceptrice-de-voyage-300x226.jpg 300w, https:\/\/www.contact-voyages.com\/wp-content\/uploads\/2023\/07\/contact-voyages-programme-de-fidelite-conceptrice-de-voyage-768x579.jpg 768w\" sizes=\"(max-width: 995px) 100vw, 995px\" \/>\t\t\t\t\t\t\t\t\t\t\t\t\t\t\t\t\t\t\t\t\t<\/div>\n\t\t\t\t\t\t\t\t\t<\/div>\n\t\t\t\t\t\t\t\t<\/div>\n\t\t\t\t\t\t\t<\/div>\n\t\t\t\t\t\t<\/div>\n\t\t\t\t\t<\/div>\n\t\t\t\t<\/div>\n\t\t\t\t\t\t\t<div class=\"swiper-slide\">\n\t\t\t\t\t<div class=\"swiper-slide-inner\">\n\t\t\t\t\t\t<div class=\"elemntskit-testimonial-item\" >\n\t\t\t\t\t\t\t<div class=\"elementskit-single-testimonial-slider \">\n\t\t\t\t\t\t\t\t<div class=\"row\">\n\t\t\t\t\t\t\t\t\t<div class=\"col-lg-6 elementkit-testimonial-col\">\n\t\t\t\t\t\t\t\t\t\t<div class=\"elementskit-commentor-content\">\n\t\t\t\t\t\t\t\t\t\t\t\t\t\t\t\t\t\t\t\t\t\t\t\t\t\t\t\t\t\t\t\t\t\t<p>Alban works for an incoming agency specializing in MICE, with 18 \"seminar\" projects in 2022 thanks to the Contact-voyages.com website, generating sales of \u20ac117,000.  <\/p>\n\t\t\t\t\t\t\t\t\t\t\t\t\t\t\t\t\t\t\t\t\t\t\t\t\t\t\t\t\t\t\t\t\t<span class=\"elementskit-profile-info\">\n\t\t\t\t\t\t\t\t\t\t\t\t<strong class=\"elementskit-author-name\">Event organizer  <\/strong>\n\t\t\t\t\t\t\t\t\t\t\t\t<span class=\"elementskit-author-des\">1462 \u20ac credited in one year<\/span>\n\t\t\t\t\t\t\t\t\t\t\t<\/span>\n\t\t\t\t\t\t\t\t\t\t<\/div>\n\t\t\t\t\t\t\t\t\t<\/div>\n\t\t\t\t\t\t\t\t\t<div class=\"col-lg-6 elementkit-testimonial-col\">\n\t\t\t\t\t\t\t\t\t\t<div class=\"elementskit-profile-image-card\">\n\t\t\t\t\t\t\t\t\t\t\t<img decoding=\"async\" width=\"995\" height=\"756\" src=\"https:\/\/www.contact-voyages.com\/wp-content\/uploads\/2023\/08\/contact-voyages-programme-de-fidelite-concepteur-de-voyage.jpg\" class=\"attachment-full size-full\" alt=\"contact-voyages-programme-de-fidelite-concepteur-de-voyage\" srcset=\"https:\/\/www.contact-voyages.com\/wp-content\/uploads\/2023\/08\/contact-voyages-programme-de-fidelite-concepteur-de-voyage.jpg 995w, https:\/\/www.contact-voyages.com\/wp-content\/uploads\/2023\/08\/contact-voyages-programme-de-fidelite-concepteur-de-voyage-300x228.jpg 300w, https:\/\/www.contact-voyages.com\/wp-content\/uploads\/2023\/08\/contact-voyages-programme-de-fidelite-concepteur-de-voyage-768x584.jpg 768w\" sizes=\"(max-width: 995px) 100vw, 995px\" \/>\t\t\t\t\t\t\t\t\t\t\t\t\t\t\t\t\t\t\t\t\t<\/div>\n\t\t\t\t\t\t\t\t\t<\/div>\n\t\t\t\t\t\t\t\t<\/div>\n\t\t\t\t\t\t\t<\/div>\n\t\t\t\t\t\t<\/div>\n\t\t\t\t\t<\/div>\n\t\t\t\t<\/div>\n\t\t\t\t\t<\/div>\n\n\t\t\n\t\t\t\t\t<div class=\"swiper-navigation-button swiper-button-prev\">\n\t\t\t\t\t\t\t<\/div>\n\t\t\t<div class=\"swiper-navigation-button swiper-button-next\">\n\t\t\t\t\t\t\t<\/div>\n\t\t\t<\/div>\n<\/div>\n<\/div>\t\t<\/div>\n\t\t\t\t<\/div>\n\t\t\t\t\t<\/div>\n\t\t<\/div>\n\t\t\t\t\t<\/div>\n\t\t<\/section>\n\t\t\t\t<section class=\"elementor-section elementor-top-section elementor-element elementor-element-b29b74c cv-pf elementor-section-boxed elementor-section-height-default elementor-section-height-default\" data-id=\"b29b74c\" data-element_type=\"section\">\n\t\t\t\t\t\t<div class=\"elementor-container elementor-column-gap-default\">\n\t\t\t\t\t<div class=\"elementor-column elementor-col-100 elementor-top-column elementor-element elementor-element-b3bfdb3\" data-id=\"b3bfdb3\" data-element_type=\"column\">\n\t\t\t<div class=\"elementor-widget-wrap elementor-element-populated\">\n\t\t\t\t\t\t<div class=\"elementor-element elementor-element-5b5ecc8 elementor-widget elementor-widget-text-editor\" data-id=\"5b5ecc8\" data-element_type=\"widget\" data-widget_type=\"text-editor.default\">\n\t\t\t\t<div class=\"elementor-widget-container\">\n\t\t\t\t\t\t\t<h2>Extract from general terms and conditions<\/h2>\n\t\t\t\t\t\t<\/div>\n\t\t\t\t<\/div>\n\t\t\t\t<div class=\"elementor-element elementor-element-9d6d9fb elementor-widget elementor-widget-text-editor\" data-id=\"9d6d9fb\" data-element_type=\"widget\" data-widget_type=\"text-editor.default\">\n\t\t\t\t<div class=\"elementor-widget-container\">\n\t\t\t\t\t\t\t<p>I. The purpose of the group loyalty program is to enable members to accumulate \u20ac entitling them to reimbursements.<\/p>\n<p>II. Membership of the Program is free and open to all natural persons of legal age. It is only possible to join the program at www.contact-voyages.com. A valid email address is required. The euros earned during the group trip will be credited to a temporary account. Customers can then finalize the creation of their account online.<\/p>\n<p>III. This account is intended for customers who organize group trips (a group being made up of at least 8 paying participants), for professional or leisure reasons, whether or not they are tourism professionals, and who make at least 1 group trip per year to one of the Contact Hotels hotels listed on the www.contact-voyages.com website. The member&#8217;s account will be credited with euros on January 31st of the following year, at the rate of \u20ac1 per \u20ac80 of sales including VAT, for all groups invoiced and paid in full during the year (amount rounded down to the nearest \u20ac), excluding tourist tax, special operations (promotions, flash offers, negotiated prices, etc.) and\/or commission. This credit remains available in the 1-year account.<\/p>\n<p>IV. Euros are valid for reservations made on www.contact-hotel.com or www.contact-voyages.com. Euros are NOT valid for direct hotel reservations, e-distributors, Tour Operators, travel agencies, distribution channels, promotional rates&#8230; The euros are valid with &#8220;soir\u00e9e \u00e9tape&#8221; rates, BB rates (room + breakfast) and Contact H\u00f4tels gift cards.<\/p>\n<p>V. Contact Hotel Services undertakes not to disclose to any third party any information whatsoever about Members participating in the Program.<\/p>\n<p>Find all our conditions <a href=\"https:\/\/www.contact-voyages.com\/wp-content\/uploads\/2023\/09\/cgu-programme-de-fidelite-groupes.pdf\" target=\"_blank\" rel=\"noopener\">on this link<\/a>.<\/p>\n\t\t\t\t\t\t<\/div>\n\t\t\t\t<\/div>\n\t\t\t\t\t<\/div>\n\t\t<\/div>\n\t\t\t\t\t<\/div>\n\t\t<\/section>\n\t\t\t\t<\/div>\n\t\t","protected":false},"excerpt":{"rendered":"<p>\u00c9tretat (Photo: Tanya Pro) Loyalty program \u00a0The Contact Voyages loyalty program, a nice pot of money after your stay Take advantage of France&#8217;s only loyalty program dedicated to group travel organizers which allows you to capitalize on both tourism and business groups in a single account loyalty card. Find out how it works: I book&hellip; <a class=\"more-link\" href=\"https:\/\/www.contact-voyages.com\/en\/loyalty-program\/\">Continue reading <span class=\"screen-reader-text\">Loyalty program<\/span><\/a><\/p>\n","protected":false},"author":1,"featured_media":0,"parent":0,"menu_order":0,"comment_status":"closed","ping_status":"closed","template":"","meta":{"footnotes":""},"class_list":["post-9432","page","type-page","status-publish","hentry","entry"],"acf":[],"yoast_head":"<!-- This site is optimized with the Yoast SEO plugin v27.4 - https:\/\/yoast.com\/product\/yoast-seo-wordpress\/ -->\n<title>Loyalty program - Contact Voyages<\/title>\n<meta name=\"description\" content=\"The only loyalty program of its kind in France, dedicated to group tour organizers, which allows you to capitalize on your stays.\" \/>\n<meta name=\"robots\" content=\"index, follow, max-snippet:-1, max-image-preview:large, max-video-preview:-1\" \/>\n<link rel=\"canonical\" href=\"https:\/\/www.contact-voyages.com\/en\/loyalty-program\/\" \/>\n<meta property=\"og:locale\" content=\"en_GB\" \/>\n<meta property=\"og:type\" content=\"article\" \/>\n<meta property=\"og:title\" content=\"Loyalty program - Contact Voyages\" \/>\n<meta property=\"og:description\" content=\"The only loyalty program of its kind in France, dedicated to group tour organizers, which allows you to capitalize on your stays.\" \/>\n<meta property=\"og:url\" content=\"https:\/\/www.contact-voyages.com\/en\/loyalty-program\/\" \/>\n<meta property=\"og:site_name\" content=\"Contact Voyages\" \/>\n<meta property=\"article:modified_time\" content=\"2023-11-23T12:08:48+00:00\" \/>\n<meta property=\"og:image\" content=\"https:\/\/www.contact-voyages.com\/wp-content\/uploads\/2023\/07\/contact-voyages-programme-de-fidelite-conceptrice-de-voyage.jpg\" \/>\n<meta name=\"twitter:card\" content=\"summary_large_image\" \/>\n<meta name=\"twitter:label1\" content=\"Estimated reading time\" \/>\n\t<meta name=\"twitter:data1\" content=\"3 minutes\" \/>\n<script type=\"application\/ld+json\" class=\"yoast-schema-graph\">{\"@context\":\"https:\\\/\\\/schema.org\",\"@graph\":[{\"@type\":\"WebPage\",\"@id\":\"https:\\\/\\\/www.contact-voyages.com\\\/en\\\/loyalty-program\\\/\",\"url\":\"https:\\\/\\\/www.contact-voyages.com\\\/en\\\/loyalty-program\\\/\",\"name\":\"Loyalty program - Contact Voyages\",\"isPartOf\":{\"@id\":\"https:\\\/\\\/www.contact-voyages.com\\\/en\\\/#website\"},\"primaryImageOfPage\":{\"@id\":\"https:\\\/\\\/www.contact-voyages.com\\\/en\\\/loyalty-program\\\/#primaryimage\"},\"image\":{\"@id\":\"https:\\\/\\\/www.contact-voyages.com\\\/en\\\/loyalty-program\\\/#primaryimage\"},\"thumbnailUrl\":\"https:\\\/\\\/www.contact-voyages.com\\\/wp-content\\\/uploads\\\/2023\\\/07\\\/contact-voyages-programme-de-fidelite-conceptrice-de-voyage.jpg\",\"datePublished\":\"2023-07-25T11:18:31+00:00\",\"dateModified\":\"2023-11-23T12:08:48+00:00\",\"description\":\"The only loyalty program of its kind in France, dedicated to group tour organizers, which allows you to capitalize on your stays.\",\"inLanguage\":\"en-GB\",\"potentialAction\":[{\"@type\":\"ReadAction\",\"target\":[\"https:\\\/\\\/www.contact-voyages.com\\\/en\\\/loyalty-program\\\/\"]}]},{\"@type\":\"ImageObject\",\"inLanguage\":\"en-GB\",\"@id\":\"https:\\\/\\\/www.contact-voyages.com\\\/en\\\/loyalty-program\\\/#primaryimage\",\"url\":\"https:\\\/\\\/www.contact-voyages.com\\\/wp-content\\\/uploads\\\/2023\\\/07\\\/contact-voyages-programme-de-fidelite-conceptrice-de-voyage.jpg\",\"contentUrl\":\"https:\\\/\\\/www.contact-voyages.com\\\/wp-content\\\/uploads\\\/2023\\\/07\\\/contact-voyages-programme-de-fidelite-conceptrice-de-voyage.jpg\"},{\"@type\":\"WebSite\",\"@id\":\"https:\\\/\\\/www.contact-voyages.com\\\/en\\\/#website\",\"url\":\"https:\\\/\\\/www.contact-voyages.com\\\/en\\\/\",\"name\":\"Contact Voyages\",\"description\":\"\",\"publisher\":{\"@id\":\"https:\\\/\\\/www.contact-voyages.com\\\/en\\\/#organization\"},\"potentialAction\":[{\"@type\":\"SearchAction\",\"target\":{\"@type\":\"EntryPoint\",\"urlTemplate\":\"https:\\\/\\\/www.contact-voyages.com\\\/en\\\/?s={search_term_string}\"},\"query-input\":{\"@type\":\"PropertyValueSpecification\",\"valueRequired\":true,\"valueName\":\"search_term_string\"}}],\"inLanguage\":\"en-GB\"},{\"@type\":\"Organization\",\"@id\":\"https:\\\/\\\/www.contact-voyages.com\\\/en\\\/#organization\",\"name\":\"Contact Voyages\",\"url\":\"https:\\\/\\\/www.contact-voyages.com\\\/en\\\/\",\"logo\":{\"@type\":\"ImageObject\",\"inLanguage\":\"en-GB\",\"@id\":\"https:\\\/\\\/www.contact-voyages.com\\\/en\\\/#\\\/schema\\\/logo\\\/image\\\/\",\"url\":\"https:\\\/\\\/www.contact-voyages.com\\\/wp-content\\\/uploads\\\/2024\\\/08\\\/logo-contact-voyages.svg\",\"contentUrl\":\"https:\\\/\\\/www.contact-voyages.com\\\/wp-content\\\/uploads\\\/2024\\\/08\\\/logo-contact-voyages.svg\",\"width\":161,\"height\":83,\"caption\":\"Contact Voyages\"},\"image\":{\"@id\":\"https:\\\/\\\/www.contact-voyages.com\\\/en\\\/#\\\/schema\\\/logo\\\/image\\\/\"}}]}<\/script>\n<!-- \/ Yoast SEO plugin. -->","yoast_head_json":{"title":"Loyalty program - Contact Voyages","description":"The only loyalty program of its kind in France, dedicated to group tour organizers, which allows you to capitalize on your stays.","robots":{"index":"index","follow":"follow","max-snippet":"max-snippet:-1","max-image-preview":"max-image-preview:large","max-video-preview":"max-video-preview:-1"},"canonical":"https:\/\/www.contact-voyages.com\/en\/loyalty-program\/","og_locale":"en_GB","og_type":"article","og_title":"Loyalty program - Contact Voyages","og_description":"The only loyalty program of its kind in France, dedicated to group tour organizers, which allows you to capitalize on your stays.","og_url":"https:\/\/www.contact-voyages.com\/en\/loyalty-program\/","og_site_name":"Contact Voyages","article_modified_time":"2023-11-23T12:08:48+00:00","og_image":[{"url":"https:\/\/www.contact-voyages.com\/wp-content\/uploads\/2023\/07\/contact-voyages-programme-de-fidelite-conceptrice-de-voyage.jpg","type":"","width":"","height":""}],"twitter_card":"summary_large_image","twitter_misc":{"Estimated reading time":"3 minutes"},"schema":{"@context":"https:\/\/schema.org","@graph":[{"@type":"WebPage","@id":"https:\/\/www.contact-voyages.com\/en\/loyalty-program\/","url":"https:\/\/www.contact-voyages.com\/en\/loyalty-program\/","name":"Loyalty program - Contact Voyages","isPartOf":{"@id":"https:\/\/www.contact-voyages.com\/en\/#website"},"primaryImageOfPage":{"@id":"https:\/\/www.contact-voyages.com\/en\/loyalty-program\/#primaryimage"},"image":{"@id":"https:\/\/www.contact-voyages.com\/en\/loyalty-program\/#primaryimage"},"thumbnailUrl":"https:\/\/www.contact-voyages.com\/wp-content\/uploads\/2023\/07\/contact-voyages-programme-de-fidelite-conceptrice-de-voyage.jpg","datePublished":"2023-07-25T11:18:31+00:00","dateModified":"2023-11-23T12:08:48+00:00","description":"The only loyalty program of its kind in France, dedicated to group tour organizers, which allows you to capitalize on your stays.","inLanguage":"en-GB","potentialAction":[{"@type":"ReadAction","target":["https:\/\/www.contact-voyages.com\/en\/loyalty-program\/"]}]},{"@type":"ImageObject","inLanguage":"en-GB","@id":"https:\/\/www.contact-voyages.com\/en\/loyalty-program\/#primaryimage","url":"https:\/\/www.contact-voyages.com\/wp-content\/uploads\/2023\/07\/contact-voyages-programme-de-fidelite-conceptrice-de-voyage.jpg","contentUrl":"https:\/\/www.contact-voyages.com\/wp-content\/uploads\/2023\/07\/contact-voyages-programme-de-fidelite-conceptrice-de-voyage.jpg"},{"@type":"WebSite","@id":"https:\/\/www.contact-voyages.com\/en\/#website","url":"https:\/\/www.contact-voyages.com\/en\/","name":"Contact Voyages","description":"","publisher":{"@id":"https:\/\/www.contact-voyages.com\/en\/#organization"},"potentialAction":[{"@type":"SearchAction","target":{"@type":"EntryPoint","urlTemplate":"https:\/\/www.contact-voyages.com\/en\/?s={search_term_string}"},"query-input":{"@type":"PropertyValueSpecification","valueRequired":true,"valueName":"search_term_string"}}],"inLanguage":"en-GB"},{"@type":"Organization","@id":"https:\/\/www.contact-voyages.com\/en\/#organization","name":"Contact Voyages","url":"https:\/\/www.contact-voyages.com\/en\/","logo":{"@type":"ImageObject","inLanguage":"en-GB","@id":"https:\/\/www.contact-voyages.com\/en\/#\/schema\/logo\/image\/","url":"https:\/\/www.contact-voyages.com\/wp-content\/uploads\/2024\/08\/logo-contact-voyages.svg","contentUrl":"https:\/\/www.contact-voyages.com\/wp-content\/uploads\/2024\/08\/logo-contact-voyages.svg","width":161,"height":83,"caption":"Contact Voyages"},"image":{"@id":"https:\/\/www.contact-voyages.com\/en\/#\/schema\/logo\/image\/"}}]}},"_links":{"self":[{"href":"https:\/\/www.contact-voyages.com\/en\/wp-json\/wp\/v2\/pages\/9432","targetHints":{"allow":["GET"]}}],"collection":[{"href":"https:\/\/www.contact-voyages.com\/en\/wp-json\/wp\/v2\/pages"}],"about":[{"href":"https:\/\/www.contact-voyages.com\/en\/wp-json\/wp\/v2\/types\/page"}],"author":[{"embeddable":true,"href":"https:\/\/www.contact-voyages.com\/en\/wp-json\/wp\/v2\/users\/1"}],"replies":[{"embeddable":true,"href":"https:\/\/www.contact-voyages.com\/en\/wp-json\/wp\/v2\/comments?post=9432"}],"version-history":[{"count":4,"href":"https:\/\/www.contact-voyages.com\/en\/wp-json\/wp\/v2\/pages\/9432\/revisions"}],"predecessor-version":[{"id":11063,"href":"https:\/\/www.contact-voyages.com\/en\/wp-json\/wp\/v2\/pages\/9432\/revisions\/11063"}],"wp:attachment":[{"href":"https:\/\/www.contact-voyages.com\/en\/wp-json\/wp\/v2\/media?parent=9432"}],"curies":[{"name":"wp","href":"https:\/\/api.w.org\/{rel}","templated":true}]}}